{"id":37,"date":"2023-01-15T21:25:38","date_gmt":"2023-01-15T21:25:38","guid":{"rendered":"https:\/\/www.taekwondo-sulzemoos.de\/website\/?page_id=37"},"modified":"2026-03-29T15:53:58","modified_gmt":"2026-03-29T15:53:58","slug":"all-about","status":"publish","type":"page","link":"https:\/\/www.taekwondo-sulzemoos.de\/website\/index.php\/sample-page\/all-about\/","title":{"rendered":"Tae-Kwon-Do"},"content":{"rendered":"<div id=\"block-bartik-content\" class=\"block block-system block-system-main-block\">\n<div class=\"content\">\n<article class=\"node node--type-info node--view-mode-full clearfix\" role=\"article\" data-history-node-id=\"4\">\n<header><\/header>\n<div class=\"node__content clearfix\">\n<div class=\"clearfix text-formatted field field--name-body field--type-text-with-summary field--label-hidden field__item\">\n<div class=\"row\">\n<div class=\"card aligncenter\"><a href=\"https:\/\/ito-martialarts.jimdofree.com\/\" target=\"_blank\" rel=\"noopener\"><img decoding=\"async\" class=\"wp-image-103 aligncenter\" src=\"https:\/\/www.taekwondo-sulzemoos.de\/website\/wp-content\/uploads\/2023\/01\/ITO_LOGO_2016_10-e1674321581286.jpg\" alt=\"\" width=\"200\" \/><\/a><\/div>\n<div class=\"card aligncenter\"><a href=\"https:\/\/commons.wikimedia.org\/wiki\/File:TKD.png\" target=\"_blank\" rel=\"noopener\"><img decoding=\"async\" class=\"wp-image-255 aligncenter\" src=\"https:\/\/www.taekwondo-sulzemoos.de\/website\/wp-content\/uploads\/2023\/01\/TKD-Schrift.png\" alt=\"\" width=\"200\" \/><\/a><\/div>\n<div class=\"card aligncenter\"><a title=\"Various, Public domain, via Wikimedia Commons\" href=\"https:\/\/commons.wikimedia.org\/wiki\/File:Flag_of_South_Korea.png\" target=\"_blank\" rel=\"noopener\"><img decoding=\"async\" class=\"aligncenter\" src=\"https:\/\/upload.wikimedia.org\/wikipedia\/commons\/thumb\/0\/0f\/Flag_of_South_Korea.png\/512px-Flag_of_South_Korea.png\" alt=\"Flag of South Korea\" width=\"200\" \/><\/a><\/div>\n<\/div>\n<table style=\"width: 100%;\" border=\"0\" width=\"687\" cellspacing=\"1\" cellpadding=\"1\">\n<tbody>\n<tr>\n<td>Taekwondo<\/td>\n<\/tr>\n<tr>\n<td style=\"width: 99.2414%;\"><span style=\"color: #000000;\">Taekwondo ist eine <strong>Kampfkunst<\/strong> und ein <strong>Kampfsport.<\/strong> Die Kampfkunst wurde vor etwas mehr als 70 Jahren in Korea basierend auf dem japanischen Shotokan-Karate mit Elementen aus dem koreaynischen Taekkiyon entwickelt und wird von Frauen und M\u00e4nnern weltweit betrieben. Es geht dabei um das Erlernen von effektiven Schlag- und Sto\u00dftechniken f\u00fcr die Selbstverteidigung. Der Kampfsport Taekwondo, der etwa zwanzig Jahre sp\u00e4ter entstand,\u00a0 ist prinzipiell eine Einschr\u00e4nkung der Kampfkunst Taekwondo auf weniger Techniken, um ein gefahrloseres und sportliches Messen der Geschicke und Kr\u00e4fte zwischen zwei Kontrahenten zu erm\u00f6glichen. Dabei haben sich verschieden Varianten des Sparring mit und ohne Schutzausr\u00fcstung entwickelt.\u00a0 Taekwondo wird heutzutage in verschiedenen Variationen auf dem gesamten Globus trainiert. Rassismus hat in dieser Gemeinschaft keinen Platz.<\/span><\/td>\n<\/tr>\n<\/tbody>\n<\/table>\n<p>&nbsp;<\/p>\n<table border=\"0\" width=\"715\" cellspacing=\"1\" cellpadding=\"1\">\n<tbody>\n<tr>\n<td><span style=\"color: #ffa700;\"><strong>Taekwondo Training &#8211; Taekwondo Lernen<\/strong><\/span><\/p>\n<p><span style=\"color: #000000;\">Unser Taekwondo-Training besteht im wesentlichen aus folgenden Bereichen:<\/span><\/p>\n<ul>\n<li><span style=\"color: #000000;\">Warmup: Ausdauer, Elastizit\u00e4t, Kraft<\/span><\/li>\n<li><span style=\"color: #000000;\">Technik: Intensives Wiederholen aller Taekwondo-Techniken<\/span>\n<ul>\n<li><span style=\"color: #000000;\">aus dem Stand<\/span><\/li>\n<li><span style=\"color: #000000;\">in der Bewegung<\/span><\/li>\n<li><span style=\"color: #000000;\">in Technik-Kombinationen<\/span><\/li>\n<li><span style=\"color: #000000;\">in kontaktlosen Partner\u00fcbungen<\/span><\/li>\n<li><span style=\"color: #000000;\">in Verteidigungsszenarien (Ein-Schritt-Kampf, ..)<\/span><\/li>\n<li><span style=\"color: #000000;\">in vorgegebenen Sequenzen (Formenstil: Hyongs)<\/span><\/li>\n<\/ul>\n<\/li>\n<li><span style=\"color: #000000;\">Befreiungstechniken (Hosinsul)<\/span><\/li>\n<li><span style=\"color: #000000;\">Bruchtestvorbereitungen<\/span><\/li>\n<li><span style=\"color: #000000;\">Sparring mit Partner<\/span>\n<ul>\n<li><span style=\"color: #000000;\">Pratzentraining<\/span><\/li>\n<li><span style=\"color: #000000;\">Koordiniertes Sparring (1-1, 2-2,&#8230;)<\/span><\/li>\n<li><span style=\"color: #000000;\">Kontaktloses Sparring<\/span><\/li>\n<li><span style=\"color: #000000;\">Vollkontakt mit Schutzausr\u00fcstung (f\u00fcr Fortgeschrittene)<\/span><\/li>\n<\/ul>\n<\/li>\n<\/ul>\n<\/td>\n<\/tr>\n<\/tbody>\n<\/table>\n<table border=\"0\" width=\"716\" cellspacing=\"1\" cellpadding=\"1\">\n<tbody>\n<tr>\n<td><span style=\"color: #ffa700;\"><strong>Taekwondo beim SV Sulzemoos e.V.<\/strong><\/span><\/p>\n<p><span style=\"color: #000000;\">Die Abteilung Taekwondo wurde durch Deniz Demirtas 2004 gegr\u00fcndet. Urspr\u00fcnglich assoziiert zur &#8222;European Taekwondo Federation(ETF)&#8220; ist sie seit 2016 verbunden mit der &#8222;<strong>Independent Taekwondo Organization(ITO)<\/strong>&#8222;. Es gilt f\u00fcr uns das ITO-Regelwerk f\u00fcr Pr\u00fcfungen, Graduierungen, Wettk\u00e4mpfe und das Passwesen. Wir haben beim SV Sulzemoos einen Trainingsraum (Dojan) und oft auch die M\u00f6glichkeit, die Turnhalle zu nutzen.<br \/>\n<\/span><\/p>\n<p><span style=\"color: #000000;\">Taekwondo-Sulzemoos orientiert sich bei den Formen an den originalen Hyongs der &#8222;Oh-Do-Kwan&#8220;-Schule mit den entsprechenden koreanischen Bezeichnungen.<\/span><\/td>\n<\/tr>\n<\/tbody>\n<\/table>\n<table border=\"0\" width=\"714\" cellspacing=\"1\" cellpadding=\"1\">\n<tbody>\n<tr>\n<td><span style=\"color: #ffa700;\"><strong>Taekwondo Fortschritt<\/strong><\/span><\/p>\n<p><span style=\"color: #000000;\">Die Taekwondo:Innen k\u00f6nnen, sofern sie m\u00f6chten, bei Pr\u00fcfungen ihren Fortschitt nachweisen und dabei als Auszeichnung den n\u00e4chsten G\u00fcrtelgrad verliehen bekommen. Alle ITO-Farbgurtpr\u00fcfungen bis einschlie\u00dflich des ersten DANs k\u00f6nnen in Sulzemoos abgenommen werden, doch bevorzugen wir schon bei h\u00f6heren G\u00fcrtelfarben die Pr\u00fcfung gemeinsam mit befreundeten Vereinen in unserem Taekwondo-Verband durchzuf\u00fchren. Komponenten der Pr\u00fcfungen sind Fortschritt in der Technikausf\u00fchrung, Ein-Schritt-Kampf, Hosinsul, Hyongs, Bruchtest und Sparring.<\/span><\/p>\n<p>I<span style=\"color: #000000;\">n der Taekwondo-Gemeinschaft ist es \u00fcblich, dass zwischen zwei Pr\u00fcfungen, je nach G\u00fcrtelgrad eine gewisse Anzahl an Trainingseinheiten und eine entsprechende Zeit mit fortw\u00e4hrendem Training absolviert sein m\u00fcssen. F\u00fcr die Farbgurte liegt dies bei etwa 40 Trainingseinheiten und mindestens ein halbes Trainingsjahr zwischen den Pr\u00fcfungen. Die Entscheidung, ob die Voraussetzungen erf\u00fcllt sind, liegt beim Trainer. Zugleich gehen wir von folgendem Mindestalter f\u00fcr einen G\u00fcrtel-\/Dangrad aus:<\/span><\/p>\n<table style=\"width: 44.9043%; border-collapse: collapse; border-style: solid; border-color: #000000;\">\n<tbody>\n<tr>\n<td style=\"width: 24.7623%; color: #800000;\"><strong><span style=\"font-size: 10pt; color: #ffa700;\">G\u00fcrtelgrad<\/span><\/strong><\/td>\n<td style=\"width: 10.3786%; color: #800000;\"><strong><span style=\"font-size: 10pt; color: #ffa700;\">Mindestalter<\/span><\/strong><\/td>\n<\/tr>\n<tr>\n<td style=\"width: 24.7623%;\"><span style=\"font-size: 10pt; color: #000000;\">Wei\u00df-Gelb (9.Kup)<\/span><\/td>\n<td style=\"width: 10.3786%;\"><span style=\"font-size: 10pt; color: #000000;\">7<\/span><\/td>\n<\/tr>\n<tr>\n<td style=\"width: 24.7623%;\"><span style=\"font-size: 10pt; color: #000000;\">Gelb (8.Kup)<\/span><\/td>\n<td style=\"width: 10.3786%;\"><span style=\"font-size: 10pt; color: #000000;\">8<\/span><\/td>\n<\/tr>\n<tr>\n<td style=\"width: 24.7623%;\"><span style=\"font-size: 10pt; color: #000000;\">Gelb-Gr\u00fcn (7.Kup)<\/span><\/td>\n<td style=\"width: 10.3786%;\"><span style=\"font-size: 10pt; color: #000000;\">9<\/span><\/td>\n<\/tr>\n<tr>\n<td style=\"width: 24.7623%;\"><span style=\"font-size: 10pt; color: #000000;\">Gr\u00fcn (6.Kup)<\/span><\/td>\n<td style=\"width: 10.3786%;\"><span style=\"font-size: 10pt; color: #000000;\">10<\/span><\/td>\n<\/tr>\n<tr>\n<td style=\"width: 24.7623%;\"><span style=\"font-size: 10pt; color: #000000;\">Gr\u00fcn-Blau (5.Kup)<\/span><\/td>\n<td style=\"width: 10.3786%;\"><span style=\"font-size: 10pt; color: #000000;\">11<\/span><\/td>\n<\/tr>\n<tr>\n<td style=\"width: 24.7623%;\"><span style=\"font-size: 10pt; color: #000000;\">Blau (4.Kup)<\/span><\/td>\n<td style=\"width: 10.3786%;\"><span style=\"font-size: 10pt; color: #000000;\">12<\/span><\/td>\n<\/tr>\n<tr>\n<td style=\"width: 24.7623%;\"><span style=\"font-size: 10pt; color: #000000;\">Blau-Rot (3.Kup)<\/span><\/td>\n<td style=\"width: 10.3786%;\"><span style=\"font-size: 10pt; color: #000000;\">13<\/span><\/td>\n<\/tr>\n<tr>\n<td style=\"width: 24.7623%;\"><span style=\"font-size: 10pt; color: #000000;\">Rot (2.Kup)<\/span><\/td>\n<td style=\"width: 10.3786%;\"><span style=\"font-size: 10pt; color: #000000;\">14<\/span><\/td>\n<\/tr>\n<tr>\n<td style=\"width: 24.7623%;\"><span style=\"font-size: 10pt; color: #000000;\">Rot-Schwarz (1.Kup)<\/span><\/td>\n<td style=\"width: 10.3786%;\"><span style=\"font-size: 10pt; color: #000000;\">15<\/span><\/td>\n<\/tr>\n<tr>\n<td style=\"width: 24.7623%; color: #800000;\"><strong><span style=\"font-size: 10pt; color: #ffa700;\">Dan-grad<\/span><\/strong><\/td>\n<td style=\"width: 10.3786%; color: #800000;\"><strong><span style=\"font-size: 10pt; color: #ffa700;\">Mindestalter<\/span><\/strong><\/td>\n<\/tr>\n<tr>\n<td style=\"width: 24.7623%;\"><span style=\"font-size: 10pt; color: #000000;\">Schwarz (1.Dan)<\/span><\/td>\n<td style=\"width: 10.3786%;\"><span style=\"font-size: 10pt; color: #000000;\">16<\/span><\/td>\n<\/tr>\n<\/tbody>\n<\/table>\n<p>Zug\u00e4nge aus anderen Vereinen und Schulen behalten ihren G\u00fcrtelgrad, m\u00fcssen jedoch das entsprechende Mindestalter f\u00fcr die n\u00e4chste Pr\u00fcfung erreichen.<\/td>\n<\/tr>\n<tr>\n<td><span style=\"color: #800000;\"><strong>\u00a0<\/strong><\/span><\/td>\n<\/tr>\n<\/tbody>\n<\/table>\n<p><strong><span style=\"color: #ffa700;\">Literaturempfehlungen und Lehrwerke<\/span><br \/>\n<\/strong><\/p>\n<\/div>\n<table style=\"width: 100%; border-collapse: collapse; border-style: solid; border-color: #000000; background-color: #c9c4a7;\">\n<tbody>\n<tr>\n<td style=\"width: 33.3333%; background-color: #ffffff;\"><span style=\"color: #000000;\">Gichin Funakoshi<\/span><\/td>\n<td style=\"width: 33.3333%; background-color: #ffffff;\"><span style=\"color: #000000;\">Karate-Do: Mein Weg<\/span><\/td>\n<td style=\"width: 33.3333%; background-color: #ffffff;\"><\/td>\n<\/tr>\n<tr>\n<td style=\"width: 33.3333%; background-color: #ffffff;\"><span style=\"color: #000000;\">Die 12 Taekwondo Hyongs<\/span><\/td>\n<td style=\"width: 33.3333%; background-color: #ffffff;\"><span style=\"color: #000000;\">Michael Unruh<\/span><\/td>\n<td style=\"width: 33.3333%; background-color: #ffffff;\"><\/td>\n<\/tr>\n<tr>\n<td style=\"width: 33.3333%; background-color: #ffffff;\"><span style=\"color: #000000;\">T\u00f6dliche Kunst &#8211; Die verborgene Geschichte des Tae Kwon Do<\/span><\/td>\n<td style=\"width: 33.3333%; background-color: #ffffff;\"><span style=\"color: #000000;\">Alex Gillis<\/span><\/td>\n<td style=\"width: 33.3333%; background-color: #ffffff;\"><\/td>\n<\/tr>\n<tr>\n<td style=\"width: 33.3333%; background-color: #ffffff;\"><span style=\"color: #000000;\">Die 24 Hyongs des Traditionellen Taekwondo<\/span><\/td>\n<td style=\"width: 33.3333%; background-color: #ffffff;\"><span style=\"color: #000000;\">Klaus Lensch<\/span><\/td>\n<td style=\"width: 33.3333%; background-color: #ffffff;\"><\/td>\n<\/tr>\n<tr>\n<td style=\"width: 33.3333%; background-color: #ffffff;\">Der Weg des Kriegers<\/td>\n<td style=\"width: 33.3333%; background-color: #ffffff;\">Reid, Croucher<\/td>\n<td style=\"width: 33.3333%; background-color: #ffffff;\"><\/td>\n<\/tr>\n<\/tbody>\n<\/table>\n<p>&nbsp;<\/p>\n<div class=\"clearfix text-formatted field field--name-body field--type-text-with-summary field--label-hidden field__item\">\n<p>&nbsp;<\/p>\n<\/div>\n<\/div>\n<\/article>\n<\/div>\n<\/div>\n","protected":false},"excerpt":{"rendered":"<p>Taekwondo Taekwondo ist eine Kampfkunst und ein Kampfsport. Die Kampfkunst wurde vor etwas mehr als 70 Jahren in Korea basierend auf dem japanischen Shotokan-Karate mit Elementen aus dem koreaynischen Taekkiyon entwickelt und wird von Frauen und M\u00e4nnern weltweit betrieben. Es geht dabei um das Erlernen von effektiven Schlag- und Sto\u00dftechniken f\u00fcr die Selbstverteidigung. Der Kampfsport [&hellip;]<\/p>\n","protected":false},"author":1,"featured_media":677,"parent":2,"menu_order":0,"comment_status":"closed","ping_status":"closed","template":"","meta":{"footnotes":""},"class_list":["post-37","page","type-page","status-publish","has-post-thumbnail","hentry"],"_links":{"self":[{"href":"https:\/\/www.taekwondo-sulzemoos.de\/website\/index.php\/wp-json\/wp\/v2\/pages\/37","targetHints":{"allow":["GET"]}}],"collection":[{"href":"https:\/\/www.taekwondo-sulzemoos.de\/website\/index.php\/wp-json\/wp\/v2\/pages"}],"about":[{"href":"https:\/\/www.taekwondo-sulzemoos.de\/website\/index.php\/wp-json\/wp\/v2\/types\/page"}],"author":[{"embeddable":true,"href":"https:\/\/www.taekwondo-sulzemoos.de\/website\/index.php\/wp-json\/wp\/v2\/users\/1"}],"replies":[{"embeddable":true,"href":"https:\/\/www.taekwondo-sulzemoos.de\/website\/index.php\/wp-json\/wp\/v2\/comments?post=37"}],"version-history":[{"count":43,"href":"https:\/\/www.taekwondo-sulzemoos.de\/website\/index.php\/wp-json\/wp\/v2\/pages\/37\/revisions"}],"predecessor-version":[{"id":1077,"href":"https:\/\/www.taekwondo-sulzemoos.de\/website\/index.php\/wp-json\/wp\/v2\/pages\/37\/revisions\/1077"}],"up":[{"embeddable":true,"href":"https:\/\/www.taekwondo-sulzemoos.de\/website\/index.php\/wp-json\/wp\/v2\/pages\/2"}],"wp:featuredmedia":[{"embeddable":true,"href":"https:\/\/www.taekwondo-sulzemoos.de\/website\/index.php\/wp-json\/wp\/v2\/media\/677"}],"wp:attachment":[{"href":"https:\/\/www.taekwondo-sulzemoos.de\/website\/index.php\/wp-json\/wp\/v2\/media?parent=37"}],"curies":[{"name":"wp","href":"https:\/\/api.w.org\/{rel}","templated":true}]}}